{"id":106,"date":"2014-01-18T20:04:00","date_gmt":"2014-01-18T19:04:00","guid":{"rendered":"http:\/\/mudr-nosek-sro.cz\/wordpress\/?page_id=106"},"modified":"2023-03-01T10:40:19","modified_gmt":"2023-03-01T09:40:19","slug":"download","status":"publish","type":"page","link":"https:\/\/mudr-nosek-sro.cz\/wordpress\/?page_id=106","title":{"rendered":"Ke sta\u017een\u00ed"},"content":{"rendered":"\n<!-- Generated using Document Gallery. Get yours here: http:\/\/wordpress.org\/extend\/plugins\/document-gallery -->\n<div id=\"document-gallery-1\" class=\"document-gallery\" data-shortcode='{\"id\":106,\"include\":\"\",\"exclude\":\"\",\"attachment_pg\":false,\"descriptions\":true,\"fancy\":true,\"order\":\"ASC\",\"orderby\":\"name\",\"relation\":\"AND\",\"post_status\":\"any\",\"post_type\":\"attachment\",\"limit\":-1,\"columns\":4,\"mime_types\":\"application,video,text,audio\",\"new_window\":false,\"paginate\":true,\"skip\":0}'>\n<div class='document-icon-row descriptions'>\n   <div class=\"document-icon\">\n      <a href=\"https:\/\/mudr-nosek-sro.cz\/wordpress\/wp-content\/uploads\/2014\/01\/Nastaven\u00ed-Thunderbirdu.pdf\" target=\"_self\">\n         <img decoding=\"async\" src=\"https:\/\/mudr-nosek-sro.cz\/wordpress\/wp-content\/plugins\/document-gallery\/src\/assets\/icons\/pdf.png\" title=\"Nastaven\u00ed Thunderbirdu\" alt=\"Nastaven\u00ed Thunderbirdu\" data-ext=\"pdf\"\/>\n         <span class=\"title\">Nastaven\u00ed Thunderbirdu<\/span>\n      <\/a>\n   <\/div>\n   <p>Odes\u00edl\u00e1n\u00ed citliv\u00fdch dat prost\u0159ednictv\u00edm \u0161ifrovan\u00e9ho emailu s elektronick\u00fdm podpisem standardem S\/MIME<\/p>\n<\/div>\n<div class='document-icon-row descriptions'>\n   <div class=\"document-icon\">\n      <a href=\"https:\/\/mudr-nosek-sro.cz\/wordpress\/wp-content\/uploads\/2015\/12\/Prohl\u00e1\u0161en\u00ed-\u017eadatele-\u0158P-ke-zdrav.-zp\u016fsobilosti-11_2015.pdf\" target=\"_self\">\n         <img decoding=\"async\" src=\"https:\/\/mudr-nosek-sro.cz\/wordpress\/wp-content\/plugins\/document-gallery\/src\/assets\/icons\/pdf.png\" title=\"Prohl\u00e1\u0161en\u00ed \u017eadatele \u0158P ke zdrav. zp\u016fsobilosti 11\/2015\" alt=\"Prohl\u00e1\u0161en\u00ed \u017eadatele \u0158P ke zdrav. zp\u016fsobilosti 11\/2015\" data-ext=\"pdf\"\/>\n         <span class=\"title\">Prohl\u00e1\u0161en\u00ed \u017eadatele \u0158P ke zdrav. zp\u016fsobilosti 11\/2015<\/span>\n      <\/a>\n   <\/div>\n   <p>Prohl\u00e1\u0161en\u00ed nutn\u00e9 pro vystaven\u00ed posukdu k \u0159\u00edzen\u00ed motorov\u00fdch vozidel dle vyhl. 277\/2004 po jej\u00ed posledn\u00ed aktualizaci platn\u00e9 od 11\/2015.<\/p>\n<\/div>\n<div class='document-icon-row descriptions'>\n   <div class=\"document-icon\">\n      <a href=\"https:\/\/mudr-nosek-sro.cz\/wordpress\/wp-content\/uploads\/2018\/06\/Souhlas-s-poskytov\u00e1n\u00edm-informac\u00ed-GDPR.pdf\" target=\"_self\">\n         <img decoding=\"async\" src=\"https:\/\/mudr-nosek-sro.cz\/wordpress\/wp-content\/plugins\/document-gallery\/src\/assets\/icons\/pdf.png\" title=\"Souhlas s poskytov\u00e1n\u00edm informac\u00ed &#8211; GDPR\" alt=\"Souhlas s poskytov\u00e1n\u00edm informac\u00ed &#8211; GDPR\" data-ext=\"pdf\"\/>\n         <span class=\"title\">Souhlas s poskytov\u00e1n\u00edm informac\u00ed &#8211; GDPR<\/span>\n      <\/a>\n   <\/div>\n   <p>Od 25.5.2018 je \u00fa\u010dinn\u00e9\u00a0\u00a0Na\u0159\u00edzen\u00ed (EU) 2016\/679 (GDPR).\u00a0V souvislosti s t\u00edmto na\u0159\u00edzen\u00edm v z\u00e1jmu ochrany osobn\u00edch \u00fadaj\u016f pacient\u016f je t\u0159eba, abychom jako zdravotnick\u00e9 za\u0159\u00edzen\u00ed v\u011bd\u011bli, komu a jak\u00fdm zp\u016fsobem m\u016f\u017eeme p\u0159ed\u00e1vat informace o zdravotn\u00edm stavu.<\/p>\n<\/div>\n<div class='document-icon-row descriptions'>\n   <div class=\"document-icon\">\n      <a href=\"https:\/\/mudr-nosek-sro.cz\/wordpress\/wp-content\/uploads\/2023\/03\/UNI-Zadost-a-smlouva-o-prohlidku-pracovne-lekarske-pece-v2023.pdf\" target=\"_self\">\n         <img decoding=\"async\" src=\"https:\/\/mudr-nosek-sro.cz\/wordpress\/wp-content\/plugins\/document-gallery\/src\/assets\/icons\/pdf.png\" title=\"\u017d\u00e1dost a smlouva PLS 2023\" alt=\"\u017d\u00e1dost a smlouva PLS 2023\" data-ext=\"pdf\"\/>\n         <span class=\"title\">\u017d\u00e1dost a smlouva PLS 2023<\/span>\n      <\/a>\n   <\/div>\n   <p>\u017d\u00e1dost a smlouva o prohl\u00eddku pracovn\u011b l\u00e9ka\u0159sk\u00e9 p\u00e9\u010de &#8211; kat. I a II, profesn\u00ed rizika (v. 2023)<\/p>\n<\/div>\n<div class='document-icon-row descriptions'>\n   <div class=\"document-icon\">\n      <a href=\"https:\/\/mudr-nosek-sro.cz\/wordpress\/wp-content\/uploads\/2020\/06\/\u017e\u00e1dost-o-prohl\u00eddku-k-posouzen\u00ed-2018.pdf\" target=\"_self\">\n         <img decoding=\"async\" src=\"https:\/\/mudr-nosek-sro.cz\/wordpress\/wp-content\/plugins\/document-gallery\/src\/assets\/icons\/pdf.png\" title=\"\u017d\u00e1dost o prohl\u00eddku k posouzen\u00ed 2018\" alt=\"\u017d\u00e1dost o prohl\u00eddku k posouzen\u00ed 2018\" data-ext=\"pdf\"\/>\n         <span class=\"title\">\u017d\u00e1dost o prohl\u00eddku k posouzen\u00ed 2018<\/span>\n      <\/a>\n   <\/div>\n   <p>Formul\u00e1\u0159 obecn\u00e9 \u017e\u00e1dosti o posouzen\u00ed zdravotn\u00edho stavu na z\u00e1klad\u011b dan\u00e9 normy.<\/p>\n<\/div>\n<div class='document-icon-row descriptions'>\n   <div class=\"document-icon\">\n      <a href=\"https:\/\/mudr-nosek-sro.cz\/wordpress\/wp-content\/uploads\/2023\/03\/zadost-o-prohlidku-PLS-2023-1A4-1.pdf\" target=\"_self\">\n         <img decoding=\"async\" src=\"https:\/\/mudr-nosek-sro.cz\/wordpress\/wp-content\/plugins\/document-gallery\/src\/assets\/icons\/pdf.png\" title=\"\u017d\u00e1dost o prohl\u00eddku PLS 2023\" alt=\"\u017d\u00e1dost o prohl\u00eddku PLS 2023\" data-ext=\"pdf\"\/>\n         <span class=\"title\">\u017d\u00e1dost o prohl\u00eddku PLS 2023<\/span>\n      <\/a>\n   <\/div>\n   <p>\u017d\u00e1dost o prohl\u00eddku pracovn\u011b l\u00e9ka\u0159sk\u00fdch slu\u017eeb pro pr\u00e1ce kat. I bez profesn\u00edch rizik (v. 2023)<\/p>\n<\/div>\n<\/div>\n","protected":false},"excerpt":{"rendered":"","protected":false},"author":1,"featured_media":0,"parent":0,"menu_order":0,"comment_status":"closed","ping_status":"closed","template":"","meta":{"_crdt_document":"","footnotes":""},"class_list":["post-106","page","type-page","status-publish","hentry"],"_links":{"self":[{"href":"https:\/\/mudr-nosek-sro.cz\/wordpress\/index.php?rest_route=\/wp\/v2\/pages\/106","targetHints":{"allow":["GET"]}}],"collection":[{"href":"https:\/\/mudr-nosek-sro.cz\/wordpress\/index.php?rest_route=\/wp\/v2\/pages"}],"about":[{"href":"https:\/\/mudr-nosek-sro.cz\/wordpress\/index.php?rest_route=\/wp\/v2\/types\/page"}],"author":[{"embeddable":true,"href":"https:\/\/mudr-nosek-sro.cz\/wordpress\/index.php?rest_route=\/wp\/v2\/users\/1"}],"replies":[{"embeddable":true,"href":"https:\/\/mudr-nosek-sro.cz\/wordpress\/index.php?rest_route=%2Fwp%2Fv2%2Fcomments&post=106"}],"version-history":[{"count":6,"href":"https:\/\/mudr-nosek-sro.cz\/wordpress\/index.php?rest_route=\/wp\/v2\/pages\/106\/revisions"}],"predecessor-version":[{"id":1132,"href":"https:\/\/mudr-nosek-sro.cz\/wordpress\/index.php?rest_route=\/wp\/v2\/pages\/106\/revisions\/1132"}],"wp:attachment":[{"href":"https:\/\/mudr-nosek-sro.cz\/wordpress\/index.php?rest_route=%2Fwp%2Fv2%2Fmedia&parent=106"}],"curies":[{"name":"wp","href":"https:\/\/api.w.org\/{rel}","templated":true}]}}