{"id":135,"date":"2014-01-19T18:54:04","date_gmt":"2014-01-19T17:54:04","guid":{"rendered":"http:\/\/mudr-nosek-sro.cz\/wordpress\/?page_id=135"},"modified":"2024-05-17T13:33:18","modified_gmt":"2024-05-17T12:33:18","slug":"english","status":"publish","type":"page","link":"https:\/\/mudr-nosek-sro.cz\/wordpress\/?page_id=135","title":{"rendered":"English"},"content":{"rendered":"<h1>Information for English speaking patients<\/h1>\n<p>Contact system for patients: <a href=\"https:\/\/moje.sestraemmy.cz\/-\/mudr-nosek-sro\" target=\"_blank\" rel=\"noopener\"><img loading=\"lazy\" decoding=\"async\" class=\"alignnone\" style=\"background-color: #2a35a8; padding: 10px;\" title=\"Virtual nurse Emmy - MUDr. Nosek, s.r.o.\" src=\"https:\/\/moje.sestraemmy.cz\/static\/media\/logo-white.5f913afd.svg\" alt=\"Sestra Emmy - MUDr. Nosek, s.r.o.\" width=\"100\" height=\"93\" \/><\/a><\/p>\n<h2>Contact<\/h2>\n<p>MUDr. Tom\u00e1\u0161 Nosek, Ph.D.<\/p>\n<p>MUDr. Nosek, s.r.o.<br \/>\nMasarykova 444<br \/>\n588 56 Tel\u010d<\/p>\n<p>tel.: +420 567 213 256, +420 778 713 356<br \/>\nemail: <a href=\"https:\/\/mudr-nosek-sro.cz\/wordpress\/wp-content\/uploads\/2014\/01\/mail-tom.png\"><img loading=\"lazy\" decoding=\"async\" class=\"alignnone size-full wp-image-159\" src=\"https:\/\/mudr-nosek-sro.cz\/wordpress\/wp-content\/uploads\/2014\/01\/mail-tom.png\" alt=\"email address\" width=\"224\" height=\"22\" \/><\/a><\/p>\n<p style=\"text-align: center;\"><iframe loading=\"lazy\" src=\"https:\/\/maps.google.com\/maps?f=q&amp;source=s_q&amp;hl=cs&amp;geocode=&amp;q=Masarykova+444,+Tel%C4%8D,+%C4%8Cesk%C3%A1+republika&amp;aq=0&amp;oq=Tel%C4%8D,+Masarykova+444&amp;sll=49.312813,15.392103&amp;sspn=0.068993,0.07596&amp;ie=UTF8&amp;hq=&amp;hnear=Masarykova+444,+588+56+Tel%C4%8D,+%C4%8Cesk%C3%A1+republika&amp;ll=49.18391,15.459989&amp;spn=0.008647,0.009495&amp;t=m&amp;z=14&amp;output=embed\" width=\"425\" height=\"350\" frameborder=\"0\" marginwidth=\"0\" marginheight=\"0\" scrolling=\"no\"><\/iframe><br \/>\n<small><a style=\"color: #0000ff; text-align: left;\" href=\"https:\/\/maps.google.com\/maps?f=q&amp;source=embed&amp;hl=cs&amp;geocode=&amp;q=Masarykova+444,+Tel%C4%8D,+%C4%8Cesk%C3%A1+republika&amp;aq=0&amp;oq=Tel%C4%8D,+Masarykova+444&amp;sll=49.312813,15.392103&amp;sspn=0.068993,0.07596&amp;ie=UTF8&amp;hq=&amp;hnear=Masarykova+444,+588+56+Tel%C4%8D,+%C4%8Cesk%C3%A1+republika&amp;ll=49.18391,15.459989&amp;spn=0.008647,0.009495&amp;t=m&amp;z=14\">Zv\u011bt\u0161it mapu<\/a><\/small><\/p>\n<p>It is highly recommended to book your appointment prior your visit. <strong>Booking is available during opening hours on telephone numbers +420 567 213 256, +420 778 713 356<\/strong><\/p>\n<h2>Note<\/h2>\n<p>Please be informed that consultations in English may be charged directly in case of non-contractual insurance companies.<\/p>\n","protected":false},"excerpt":{"rendered":"<p>Information for English speaking patients Contact system for patients: Contact MUDr. Tom\u00e1\u0161 Nosek, Ph.D. MUDr. Nosek, s.r.o. Masarykova 444 588 56 Tel\u010d tel.: +420 567 213 256, +420 778 713 356 email: Zv\u011bt\u0161it mapu It is highly recommended to book your appointment prior your visit. Booking is available during opening hours on telephone numbers +420 &hellip; <a href=\"https:\/\/mudr-nosek-sro.cz\/wordpress\/?page_id=135\" class=\"more-link\">Pokra\u010dov\u00e1n\u00ed textu <span class=\"screen-reader-text\">English<\/span> <span class=\"meta-nav\">&rarr;<\/span><\/a><\/p>\n","protected":false},"author":1,"featured_media":0,"parent":0,"menu_order":0,"comment_status":"closed","ping_status":"closed","template":"","meta":{"_crdt_document":"","footnotes":""},"class_list":["post-135","page","type-page","status-publish","hentry"],"_links":{"self":[{"href":"https:\/\/mudr-nosek-sro.cz\/wordpress\/index.php?rest_route=\/wp\/v2\/pages\/135","targetHints":{"allow":["GET"]}}],"collection":[{"href":"https:\/\/mudr-nosek-sro.cz\/wordpress\/index.php?rest_route=\/wp\/v2\/pages"}],"about":[{"href":"https:\/\/mudr-nosek-sro.cz\/wordpress\/index.php?rest_route=\/wp\/v2\/types\/page"}],"author":[{"embeddable":true,"href":"https:\/\/mudr-nosek-sro.cz\/wordpress\/index.php?rest_route=\/wp\/v2\/users\/1"}],"replies":[{"embeddable":true,"href":"https:\/\/mudr-nosek-sro.cz\/wordpress\/index.php?rest_route=%2Fwp%2Fv2%2Fcomments&post=135"}],"version-history":[{"count":15,"href":"https:\/\/mudr-nosek-sro.cz\/wordpress\/index.php?rest_route=\/wp\/v2\/pages\/135\/revisions"}],"predecessor-version":[{"id":352,"href":"https:\/\/mudr-nosek-sro.cz\/wordpress\/index.php?rest_route=\/wp\/v2\/pages\/135\/revisions\/352"}],"wp:attachment":[{"href":"https:\/\/mudr-nosek-sro.cz\/wordpress\/index.php?rest_route=%2Fwp%2Fv2%2Fmedia&parent=135"}],"curies":[{"name":"wp","href":"https:\/\/api.w.org\/{rel}","templated":true}]}}