{"id":2,"date":"2013-12-07T16:30:53","date_gmt":"2013-12-07T16:30:53","guid":{"rendered":"http:\/\/192.168.1.214\/wordpress\/?page_id=2"},"modified":"2024-05-17T13:26:08","modified_gmt":"2024-05-17T12:26:08","slug":"kontakt","status":"publish","type":"page","link":"https:\/\/mudr-nosek-sro.cz\/wordpress\/?page_id=2","title":{"rendered":"Kontakt"},"content":{"rendered":"<p>Kontaktn\u00ed syst\u00e9m pro pacienty &#8211; <a href=\"https:\/\/moje.sestraemmy.cz\/-\/mudr-nosek-sro\" target=\"_blank\" rel=\"noopener\">Sestra Emmy<\/a>:<\/p>\n<div><a href=\"https:\/\/moje.sestraemmy.cz\/-\/mudr-nosek-sro\" target=\"_blank\" rel=\"noopener\"><img loading=\"lazy\" decoding=\"async\" class=\"alignnone\" style=\"background-color: #2a35a8; padding: 10px;\" title=\"Sestra Emmy - MUDr. Nosek, s.r.o.\" src=\"https:\/\/moje.sestraemmy.cz\/static\/media\/logo-white.5f913afd.svg\" alt=\"Sestra Emmy - MUDr. Nosek, s.r.o.\" width=\"300\" height=\"312\" \/><\/a><\/div>\n<p>&nbsp;<\/p>\n<p><b>MUDr. Nosek, s.r.o.<br \/>\n<\/b>I\u010c: 292 02 329<br \/>\nMasarykova 444<br \/>\n588 56 Tel\u010d<br \/>\ntel. +420 567 213 256, +420\u00a0778 713 356<br \/>\nemail:<a href=\"https:\/\/mudr-nosek-sro.cz\/wordpress\/wp-content\/uploads\/2013\/12\/ord.email_.png\"><img loading=\"lazy\" decoding=\"async\" class=\"alignnone size-full wp-image-162\" style=\"position: relative; top: -3px;\" src=\"https:\/\/mudr-nosek-sro.cz\/wordpress\/wp-content\/uploads\/2013\/12\/ord.email_.png\" alt=\"ord.email\" width=\"213\" height=\"24\" \/><\/a><br \/>\n<span style=\"font-size: 10px;\">email slou\u017e\u00ed <strong>pouze pro obchodn\u00ed korespondenci<\/strong>, pokud pot\u0159ebujete konzultovat ot\u00e1zky zdravotn\u00edho stavu, pou\u017eijte pros\u00edm v\u00fd\u0161e uveden\u00e9 telefonn\u00ed \u010d\u00edslo<\/span><\/p>\n<p><iframe loading=\"lazy\" src=\"https:\/\/maps.google.com\/maps?f=q&amp;source=s_q&amp;hl=cs&amp;geocode=&amp;q=Masarykova+444,+Tel%C4%8D,+%C4%8Cesk%C3%A1+republika&amp;aq=0&amp;oq=masarzkova+444+te&amp;sll=37.0625,-95.677068&amp;sspn=65.518178,135.263672&amp;ie=UTF8&amp;hq=&amp;hnear=Masarykova+444,+588+56+Tel%C4%8D,+%C4%8Cesk%C3%A1+republika&amp;t=m&amp;z=14&amp;ll=49.18391,15.459989&amp;output=embed\" width=\"425\" height=\"350\" frameborder=\"0\" marginwidth=\"0\" marginheight=\"0\" scrolling=\"no\"><\/iframe><br \/>\n<small><a style=\"color: #0000ff; text-align: left;\" href=\"https:\/\/maps.google.com\/maps?f=q&amp;source=embed&amp;hl=cs&amp;geocode=&amp;q=Masarykova+444,+Tel%C4%8D,+%C4%8Cesk%C3%A1+republika&amp;aq=0&amp;oq=masarzkova+444+te&amp;sll=37.0625,-95.677068&amp;sspn=65.518178,135.263672&amp;ie=UTF8&amp;hq=&amp;hnear=Masarykova+444,+588+56+Tel%C4%8D,+%C4%8Cesk%C3%A1+republika&amp;t=m&amp;z=14&amp;ll=49.18391,15.459989\">Zv\u011bt\u0161it mapu<\/a><\/small><\/p>\n","protected":false},"excerpt":{"rendered":"<p>Kontaktn\u00ed syst\u00e9m pro pacienty &#8211; Sestra Emmy: &nbsp; MUDr. Nosek, s.r.o. I\u010c: 292 02 329 Masarykova 444 588 56 Tel\u010d tel. +420 567 213 256, +420\u00a0778 713 356 email: email slou\u017e\u00ed pouze pro obchodn\u00ed korespondenci, pokud pot\u0159ebujete konzultovat ot\u00e1zky zdravotn\u00edho stavu, pou\u017eijte pros\u00edm v\u00fd\u0161e uveden\u00e9 telefonn\u00ed \u010d\u00edslo Zv\u011bt\u0161it mapu<\/p>\n","protected":false},"author":1,"featured_media":0,"parent":0,"menu_order":0,"comment_status":"closed","ping_status":"closed","template":"","meta":{"_crdt_document":"","footnotes":""},"class_list":["post-2","page","type-page","status-publish","hentry"],"_links":{"self":[{"href":"https:\/\/mudr-nosek-sro.cz\/wordpress\/index.php?rest_route=\/wp\/v2\/pages\/2","targetHints":{"allow":["GET"]}}],"collection":[{"href":"https:\/\/mudr-nosek-sro.cz\/wordpress\/index.php?rest_route=\/wp\/v2\/pages"}],"about":[{"href":"https:\/\/mudr-nosek-sro.cz\/wordpress\/index.php?rest_route=\/wp\/v2\/types\/page"}],"author":[{"embeddable":true,"href":"https:\/\/mudr-nosek-sro.cz\/wordpress\/index.php?rest_route=\/wp\/v2\/users\/1"}],"replies":[{"embeddable":true,"href":"https:\/\/mudr-nosek-sro.cz\/wordpress\/index.php?rest_route=%2Fwp%2Fv2%2Fcomments&post=2"}],"version-history":[{"count":7,"href":"https:\/\/mudr-nosek-sro.cz\/wordpress\/index.php?rest_route=\/wp\/v2\/pages\/2\/revisions"}],"predecessor-version":[{"id":1161,"href":"https:\/\/mudr-nosek-sro.cz\/wordpress\/index.php?rest_route=\/wp\/v2\/pages\/2\/revisions\/1161"}],"wp:attachment":[{"href":"https:\/\/mudr-nosek-sro.cz\/wordpress\/index.php?rest_route=%2Fwp%2Fv2%2Fmedia&parent=2"}],"curies":[{"name":"wp","href":"https:\/\/api.w.org\/{rel}","templated":true}]}}