{"id":48,"date":"2014-01-18T10:25:04","date_gmt":"2014-01-18T10:25:04","guid":{"rendered":"http:\/\/mudr-nosek-sro.cz\/wordpress\/?page_id=48"},"modified":"2023-02-07T10:01:22","modified_gmt":"2023-02-07T09:01:22","slug":"cenik","status":"publish","type":"page","link":"https:\/\/mudr-nosek-sro.cz\/wordpress\/?page_id=48","title":{"rendered":"Cen\u00edk v\u00fdkon\u016f"},"content":{"rendered":"<blockquote><p>Dle vyhl\u00e1\u0161ky MZ \u010cR \u010d. 467\/1992: Zdravotn\u00ed p\u00e9\u010de, kter\u00e1 nesleduje l\u00e9\u010debn\u00fd c\u00edl, nen\u00ed hrazena zdravotn\u00ed poji\u0161\u0165ovnou.<\/p><\/blockquote>\n<p>Cen\u00edk v\u00fdkon\u016f\u00a0<span style=\"text-decoration: underline;\"><b>nehrazen\u00fdch<\/b><\/span>\u00a0zdravotn\u00ed poji\u0161\u0165ovnou<br \/>\n<i> platn\u00fd od 1.2.2023<\/i><\/p>\n<table>\n<tbody>\n<tr>\n<td>Vy\u0161et\u0159en\u00ed na zbrojn\u00ed pr\u016fkaz<\/td>\n<td>1500,-<\/td>\n<td>K\u010d<\/td>\n<\/tr>\n<tr>\n<td>Vy\u0161et\u0159en\u00ed na \u0158P<\/td>\n<td>1000,-<\/td>\n<td>K\u010d<\/td>\n<\/tr>\n<tr>\n<td>Vstupn\u00ed a v\u00fdstupn\u00ed prohl\u00eddka do zam\u011bstn\u00e1n\u00ed, periodick\u00e1 prohl\u00eddka pracovn\u00edka <strong>kategorie \u010d. 1 bez jin\u00fdch rizik ohro\u017een\u00ed zdrav\u00ed\u00a0<\/strong>+ vypracov\u00e1n\u00ed posudku (dle jedn\u011bch posudkov\u00fdch krit\u00e9ri\u00ed dan\u00e9 legislativn\u00ed normy)<\/p>\n<ul>\n<li>pouze registrovan\u00ed pacienti<\/li>\n<li>dle\u00a0\u00a7 37 z. \u010d. 258\/2000 Sb., o ochran\u011b ve\u0159ejn\u00e9ho zdrav\u00ed a o zm\u011bn\u011b n\u011bkter\u00fdch souvisej\u00edc\u00edch z\u00e1kon\u016f, ve zn\u011bn\u00ed pozd\u011bj\u0161\u00edch p\u0159edpis\u016f, a vyhl\u00e1\u0161ky \u010d. 432\/2003 Sb<\/li>\n<li>a dle vyhl. \u010d. 79\/2013 Sb<\/li>\n<\/ul>\n<\/td>\n<td>1000,-<\/td>\n<td>K\u010d<\/td>\n<\/tr>\n<tr>\n<td>Vy\u0161et\u0159en\u00ed na vlastn\u00ed \u017e\u00e1dost pacienta nebo organizace \/ vypracov\u00e1n\u00ed posudku (dle jedn\u011bch posudkov\u00fdch krit\u00e9ri\u00ed dan\u00e9 legislativn\u00ed normy)<\/p>\n<ul>\n<li>profesn\u00ed posudky \u2013 sv\u00e1\u0159e\u010d, profesn\u00ed \u0159idi\u010di, elektrik\u00e1\u0159i, obsluhy speci\u00e1ln\u00edch stroj\u016f a n\u00e1stroj\u016f, atp.<\/li>\n<li>vy\u0161et\u0159en\u00ed pro zdravotn\u00ed \u00fa\u010dely nehrazen\u00e9 z nem. poji\u0161t\u011bn\u00ed (plast. kosmetick\u00e9 operace, interupce, vy\u0161et\u0159en\u00ed p\u0159ed l\u00e1zn\u011bmi u samopl\u00e1tc\u016f)<\/li>\n<li>posudky\u00a0pro sportovn\u00ed a studijn\u00ed a jin\u00e9 \u00fa\u010dely na vlastn\u00ed \u017e\u00e1dost<\/li>\n<\/ul>\n<\/td>\n<td>1200,-<\/td>\n<td>K\u010d<\/td>\n<\/tr>\n<tr>\n<td>Z\u00e1kladn\u00ed prohl\u00eddka pracovn\u011bl\u00e9ka\u0159sk\u00e9 p\u00e9\u010de <strong>pracovn\u00edka v riziku<\/strong> + vypracov\u00e1n\u00ed posudku (dle jedn\u011bch posudkov\u00fdch krit\u00e9ri\u00ed dan\u00e9 legislativn\u00ed normy)<\/p>\n<ul>\n<li>kategorie rizika 1 s jin\u00fdm rizikem ohro\u017een\u00ed zdrav\u00ed dle vyhl. \u010d. 79\/2013 Sb.<\/li>\n<li>kategorie rizika 2 a v\u00edce dle\u00a0\u00a7 37 z. \u010d. 258\/2000 Sb., o ochran\u011b ve\u0159ejn\u00e9ho zdrav\u00ed a o zm\u011bn\u011b n\u011bkter\u00fdch souvisej\u00edc\u00edch z\u00e1kon\u016f, ve zn\u011bn\u00ed pozd\u011bj\u0161\u00edch p\u0159edpis\u016f, a vyhl\u00e1\u0161ky \u010d. 432\/2003 Sb<\/li>\n<\/ul>\n<\/td>\n<td>1200,-<\/td>\n<td>K\u010d<\/td>\n<\/tr>\n<tr>\n<td>Objedn\u00e1n\u00ed dom\u00e1c\u00ed n\u00e1v\u0161t\u011bvy nestandardn\u00edm zp\u016fsobem mimo provozn\u00ed dobu ordinace<\/td>\n<td>1000,-<\/td>\n<td>K\u010d<\/td>\n<\/tr>\n<tr>\n<td>Vy\u0161et\u0159en\u00ed a vystaven\u00ed zdravotn\u00edho pr\u016fkazu<\/td>\n<td>400,-<\/td>\n<td>K\u010d<\/td>\n<\/tr>\n<tr>\n<td>V\u00fdpis ze zdravotn\u00ed dokumentace<\/td>\n<td>400,-<\/td>\n<td>K\u010d<\/td>\n<\/tr>\n<tr>\n<td>Vypracov\u00e1n\u00ed <span style=\"text-decoration: underline;\">posudku<\/span> o bolestn\u00e9m \/ zt\u00ed\u017een\u00ed spole\u010densk\u00e9ho uplatn\u011bn\u00ed u <span style=\"text-decoration: underline;\">pracovn\u00edch \u00faraz\u016f<\/span> dle NV \u010d. 276\/2015 Sb<\/td>\n<td>1000,-<\/td>\n<td>K\u010d<\/td>\n<\/tr>\n<tr>\n<td>Vypracov\u00e1n\u00ed zpr\u00e1vy pro poji\u0161\u0165ovnu o \u00farazu, nemoci, atp&#8230; za ka\u017ed\u00fdch zapo\u010dat\u00fdch 20 min.<\/td>\n<td>300,-<\/td>\n<td>K\u010d<\/td>\n<\/tr>\n<tr>\n<td>Komplikovan\u00fd administrativn\u00ed v\u00fdkon za ka\u017ed\u00fdch zapo\u010dat\u00fdch 20 min.<\/td>\n<td>300,-<\/td>\n<td>K\u010d<\/td>\n<\/tr>\n<tr>\n<td>Odb\u011br krve ze \u017e\u00edly na vlastn\u00ed \u017e\u00e1dost (bez ceny za vy\u0161et\u0159en\u00ed)<\/td>\n<td>200,-<\/td>\n<td>K\u010d<\/td>\n<\/tr>\n<tr>\n<td>Aplikace injekce do svalu na vlastn\u00ed \u017e\u00e1dost (o\u010dkov\u00e1n\u00ed bez vakc\u00edny)<\/td>\n<td>250,-<\/td>\n<td>K\u010d<\/td>\n<\/tr>\n<tr>\n<td>Jednoduch\u00fd administrativn\u00ed \u00fakon<\/td>\n<td>100,-<\/td>\n<td>K\u010d<\/td>\n<\/tr>\n<tr>\n<td>Kopie zdravotn\u00ed dokumentace &#8211; 1 strana<\/td>\n<td>5,-<\/td>\n<td>K\u010d<\/td>\n<\/tr>\n<\/tbody>\n<\/table>\n","protected":false},"excerpt":{"rendered":"<p>Dle vyhl\u00e1\u0161ky MZ \u010cR \u010d. 467\/1992: Zdravotn\u00ed p\u00e9\u010de, kter\u00e1 nesleduje l\u00e9\u010debn\u00fd c\u00edl, nen\u00ed hrazena zdravotn\u00ed poji\u0161\u0165ovnou. Cen\u00edk v\u00fdkon\u016f\u00a0nehrazen\u00fdch\u00a0zdravotn\u00ed poji\u0161\u0165ovnou platn\u00fd od 1.2.2023 Vy\u0161et\u0159en\u00ed na zbrojn\u00ed pr\u016fkaz 1500,- K\u010d Vy\u0161et\u0159en\u00ed na \u0158P 1000,- K\u010d Vstupn\u00ed a v\u00fdstupn\u00ed prohl\u00eddka do zam\u011bstn\u00e1n\u00ed, periodick\u00e1 prohl\u00eddka pracovn\u00edka kategorie \u010d. 1 bez jin\u00fdch rizik ohro\u017een\u00ed zdrav\u00ed\u00a0+ vypracov\u00e1n\u00ed posudku (dle jedn\u011bch posudkov\u00fdch &hellip; <a href=\"https:\/\/mudr-nosek-sro.cz\/wordpress\/?page_id=48\" class=\"more-link\">Pokra\u010dov\u00e1n\u00ed textu <span class=\"screen-reader-text\">Cen\u00edk v\u00fdkon\u016f<\/span> <span class=\"meta-nav\">&rarr;<\/span><\/a><\/p>\n","protected":false},"author":1,"featured_media":0,"parent":0,"menu_order":0,"comment_status":"closed","ping_status":"closed","template":"","meta":{"_crdt_document":"","footnotes":""},"class_list":["post-48","page","type-page","status-publish","hentry"],"_links":{"self":[{"href":"https:\/\/mudr-nosek-sro.cz\/wordpress\/index.php?rest_route=\/wp\/v2\/pages\/48","targetHints":{"allow":["GET"]}}],"collection":[{"href":"https:\/\/mudr-nosek-sro.cz\/wordpress\/index.php?rest_route=\/wp\/v2\/pages"}],"about":[{"href":"https:\/\/mudr-nosek-sro.cz\/wordpress\/index.php?rest_route=\/wp\/v2\/types\/page"}],"author":[{"embeddable":true,"href":"https:\/\/mudr-nosek-sro.cz\/wordpress\/index.php?rest_route=\/wp\/v2\/users\/1"}],"replies":[{"embeddable":true,"href":"https:\/\/mudr-nosek-sro.cz\/wordpress\/index.php?rest_route=%2Fwp%2Fv2%2Fcomments&post=48"}],"version-history":[{"count":35,"href":"https:\/\/mudr-nosek-sro.cz\/wordpress\/index.php?rest_route=\/wp\/v2\/pages\/48\/revisions"}],"predecessor-version":[{"id":1123,"href":"https:\/\/mudr-nosek-sro.cz\/wordpress\/index.php?rest_route=\/wp\/v2\/pages\/48\/revisions\/1123"}],"wp:attachment":[{"href":"https:\/\/mudr-nosek-sro.cz\/wordpress\/index.php?rest_route=%2Fwp%2Fv2%2Fmedia&parent=48"}],"curies":[{"name":"wp","href":"https:\/\/api.w.org\/{rel}","templated":true}]}}