{"id":536,"date":"2018-05-24T16:50:16","date_gmt":"2018-05-24T15:50:16","guid":{"rendered":"http:\/\/mudr-nosek-sro.cz\/wordpress\/?page_id=536"},"modified":"2018-06-15T20:53:03","modified_gmt":"2018-06-15T19:53:03","slug":"gdpr","status":"publish","type":"page","link":"https:\/\/mudr-nosek-sro.cz\/wordpress\/?page_id=536","title":{"rendered":"GDPR souhlas"},"content":{"rendered":"<h2>Souhlas s poskytov\u00e1n\u00edm informac\u00ed o zdravotn\u00edm stavu a dal\u0161\u00edch slu\u017eeb&#8230;<\/h2>\n<p>Od 25.5.2018 je \u00fa\u010dinn\u00e9\u00a0\u00a0<a href=\"http:\/\/eur-lex.europa.eu\/legal-content\/CS\/TXT\/PDF\/?uri=CELEX:32016R0679&amp;from=EN\" target=\"_blank\" rel=\"noopener\">Na\u0159\u00edzen\u00ed (EU) 2016\/679 (GDPR).<\/a>\u00a0V souvislosti s t\u00edmto na\u0159\u00edzen\u00edm v z\u00e1jmu ochrany osobn\u00edch \u00fadaj\u016f pacient\u016f je t\u0159eba,<strong> abychom jako zdravotnick\u00e9 za\u0159\u00edzen\u00ed v\u011bd\u011bli, komu a jak\u00fdm zp\u016fsobem m\u016f\u017eeme p\u0159ed\u00e1vat informace o zdravotn\u00edm stavu<\/strong>.<\/p>\n<p>Pros\u00edme tedy V\u00e1s, na\u0161e pacienty, pokud jste zat\u00edm tento souhlas nevyplnili o vypln\u011bn\u00ed, podeps\u00e1n\u00ed a doru\u010den\u00ed do ordinace n\u00ed\u017ee uveden\u00e9ho souhlasu, kter\u00fd bude sou\u010d\u00e1st\u00ed Va\u0161\u00ed dokumentace.<\/p>\n<p><strong>Tento souhlas je mo\u017en\u00e9 kdykoli zm\u011bnit dle pot\u0159eby a aktu\u00e1ln\u00ed situace.<\/strong><\/p>\n<figure id=\"attachment_59\" aria-describedby=\"caption-attachment-59\" style=\"width: 120px\" class=\"wp-caption alignnone\"><a href=\"https:\/\/mudr-nosek-sro.cz\/wordpress\/wp-content\/uploads\/2018\/06\/Souhlas-s-poskytov%C3%A1n%C3%ADm-informac%C3%AD-GDPR.pdf\"><img loading=\"lazy\" decoding=\"async\" class=\"size-full wp-image-59\" src=\"https:\/\/mudr-nosek-sro.cz\/wordpress\/wp-content\/uploads\/2014\/01\/pdfdoc.png\" alt=\"pdfdoc\" width=\"120\" height=\"120\" srcset=\"https:\/\/mudr-nosek-sro.cz\/wordpress\/wp-content\/uploads\/2014\/01\/pdfdoc.png 256w, https:\/\/mudr-nosek-sro.cz\/wordpress\/wp-content\/uploads\/2014\/01\/pdfdoc-150x150.png 150w\" sizes=\"auto, (max-width: 120px) 100vw, 120px\" \/><\/a><figcaption id=\"caption-attachment-59\" class=\"wp-caption-text\">GDPR Souhlas s poskytov\u00e1n\u00edm informac\u00ed o zdravotn\u00edm stavu a dal\u0161\u00edch slu\u017eeb<\/figcaption><\/figure>\n<h3>Tipy pro vypln\u011bn\u00ed:<\/h3>\n<ul>\n<li>Jako relativn\u011b dob\u0159e zapamatovateln\u00e9 komunika\u010dn\u00ed <strong>heslo<\/strong> lze\u00a0 pou\u017e\u00edt nap\u0159.\u00a0<strong>rodn\u00e9 \u010d\u00edslo<\/strong>\u00a0(s lom\u00edtkem), nap\u0159. St\u00e1tn\u00ed \u00dastav pro Kontrolu L\u00e9\u010div vyu\u017e\u00edv\u00e1 rodn\u00e9 \u010d\u00edslo pro zabezpe\u010den\u00ed PDF s eReceptem p\u0159i p\u0159ed\u00e1v\u00e1n\u00ed elektronickou po\u0161tou.<\/li>\n<li>Jako ov\u011b\u0159en\u00e9 mobiln\u00ed \u010d\u00edslo uve\u010fte \u010d\u00edslo, ze kter\u00e9ho budete nej\u010dast\u011bji volat do ordinace (nejl\u00e9pe v\u011b\u0161e priv\u00e1tn\u00ed), pokud budete cht\u00edt konzultovat telefonicky V\u00e1\u0161 zdravotn\u00ed stav. <strong>Pro b\u011b\u017en\u00e9 objedn\u00e1n\u00ed nen\u00ed pou\u017eit\u00ed ov\u011b\u0159en\u00e9ho telefonn\u00edho \u010d\u00edsla t\u0159eba.<\/strong><\/li>\n<li><span style=\"text-decoration: underline;\"><strong>Ne<\/strong><\/span><strong>ud\u011blen\u00ed souhlasu k\u00a0 osobn\u00edmu vyzvednut\u00ed p\u0159edpis\u016f na l\u00e9ky \u010di jin\u00fdch dokument\u016f osobou bl\u00edzkou<\/strong> (ve smyslu \u00a722 Ob\u010dansk\u00e9ho z\u00e1kon\u00edku- je p\u0159\u00edbuzn\u00fd v \u0159ad\u011b p\u0159\u00edm\u00e9, sourozenec a man\u017eel nebo partner, atp&#8230;) i bez pou\u017eit\u00ed hesla pro komunikaci m\u00e1 smysl, pokud m\u00e1te<strong> v rodin\u011b napjat\u00e9 vztahy<\/strong>.<\/li>\n<\/ul>\n<p>&nbsp;<\/p>\n<p>&nbsp;<\/p>\n","protected":false},"excerpt":{"rendered":"<p>Souhlas s poskytov\u00e1n\u00edm informac\u00ed o zdravotn\u00edm stavu a dal\u0161\u00edch slu\u017eeb&#8230; Od 25.5.2018 je \u00fa\u010dinn\u00e9\u00a0\u00a0Na\u0159\u00edzen\u00ed (EU) 2016\/679 (GDPR).\u00a0V souvislosti s t\u00edmto na\u0159\u00edzen\u00edm v z\u00e1jmu ochrany osobn\u00edch \u00fadaj\u016f pacient\u016f je t\u0159eba, abychom jako zdravotnick\u00e9 za\u0159\u00edzen\u00ed v\u011bd\u011bli, komu a jak\u00fdm zp\u016fsobem m\u016f\u017eeme p\u0159ed\u00e1vat informace o zdravotn\u00edm stavu. Pros\u00edme tedy V\u00e1s, na\u0161e pacienty, pokud jste zat\u00edm tento souhlas nevyplnili &hellip; <a href=\"https:\/\/mudr-nosek-sro.cz\/wordpress\/?page_id=536\" class=\"more-link\">Pokra\u010dov\u00e1n\u00ed textu <span class=\"screen-reader-text\">GDPR souhlas<\/span> <span class=\"meta-nav\">&rarr;<\/span><\/a><\/p>\n","protected":false},"author":1,"featured_media":0,"parent":0,"menu_order":0,"comment_status":"closed","ping_status":"closed","template":"","meta":{"_crdt_document":"","footnotes":""},"class_list":["post-536","page","type-page","status-publish","hentry"],"_links":{"self":[{"href":"https:\/\/mudr-nosek-sro.cz\/wordpress\/index.php?rest_route=\/wp\/v2\/pages\/536","targetHints":{"allow":["GET"]}}],"collection":[{"href":"https:\/\/mudr-nosek-sro.cz\/wordpress\/index.php?rest_route=\/wp\/v2\/pages"}],"about":[{"href":"https:\/\/mudr-nosek-sro.cz\/wordpress\/index.php?rest_route=\/wp\/v2\/types\/page"}],"author":[{"embeddable":true,"href":"https:\/\/mudr-nosek-sro.cz\/wordpress\/index.php?rest_route=\/wp\/v2\/users\/1"}],"replies":[{"embeddable":true,"href":"https:\/\/mudr-nosek-sro.cz\/wordpress\/index.php?rest_route=%2Fwp%2Fv2%2Fcomments&post=536"}],"version-history":[{"count":6,"href":"https:\/\/mudr-nosek-sro.cz\/wordpress\/index.php?rest_route=\/wp\/v2\/pages\/536\/revisions"}],"predecessor-version":[{"id":551,"href":"https:\/\/mudr-nosek-sro.cz\/wordpress\/index.php?rest_route=\/wp\/v2\/pages\/536\/revisions\/551"}],"wp:attachment":[{"href":"https:\/\/mudr-nosek-sro.cz\/wordpress\/index.php?rest_route=%2Fwp%2Fv2%2Fmedia&parent=536"}],"curies":[{"name":"wp","href":"https:\/\/api.w.org\/{rel}","templated":true}]}}