{"id":73,"date":"2014-01-18T13:44:43","date_gmt":"2014-01-18T12:44:43","guid":{"rendered":"http:\/\/mudr-nosek-sro.cz\/wordpress\/?page_id=73"},"modified":"2014-01-18T14:28:18","modified_gmt":"2014-01-18T13:28:18","slug":"uzinfo","status":"publish","type":"page","link":"https:\/\/mudr-nosek-sro.cz\/wordpress\/?page_id=73","title":{"rendered":"U\u017eite\u010dn\u00e9 informace"},"content":{"rendered":"<ul><li>\r\n\t<a href=\"https:\/\/mudr-nosek-sro.cz\/wordpress\/?p=306\">\u201eRaz\u00edtko\u201c, fale\u0161n\u00fd pocit jistoty<\/a> - 16. 07. 2015<br \/>\r\n\t<div>\r\n\t\t<a href=\"https:\/\/mudr-nosek-sro.cz\/wordpress\/?p=306\" style=\"float:left;margin-right: 1em\">\r\n\t\t\t<img decoding=\"async\" src=\"https:\/\/mudr-nosek-sro.cz\/wordpress\/wp-content\/uploads\/2014\/03\/Aktualita2-thubmnail-150x150.png\" title=\"\u201eRaz\u00edtko\u201c, fale\u0161n\u00fd pocit jistoty\" width=\"150px\" \/>\r\n\t\t<\/a>\r\n\t\tMUDr. Tibor Vics\u00e1pi\r\nZ\u00e1humenn\u00ed 1477, Kop\u0159ivnice\r\ne-amil: info@vicsapi.cz, tel.: 595 172 444\r\nID datov\u00e9 schr\u00e1nky:\u00a0p93dvba\r\nJsem v\u0161eobecn\u00fdm praktick\u00fdm l\u00e9ka\u0159em. Z\u00e1rove\u0148 se v\u011bnuji pracovn\u011bl\u00e9ka\u0159sk\u00e9 a soudn\u011b-znaleck\u00e9 \u010dinnosti ve zdravotnictv\u00ed, a pracuji ji\u017e n\u011bkolik let i jako konzultant kancel\u00e1\u0159e ve\u0159ejn\u00e9ho ochr\u00e1nce pr\u00e1v. Sou\u010d\u00e1st\u00ed m\u00e9 pr\u00e1ce je i nezbytn\u00e1 znalost zdravotnick\u00e9ho pr\u00e1va.\r\nJeliko\u017e provozuji zdravotnick\u00e9 za\u0159\u00edzen\u00ed prim\u00e1rn\u00ed p\u00e9\u010de, nav\u0161t\u011bvuj\u00ed mne pacienti mimo jin\u00e9 velmi \u010dasto s po\u017eadavkem:\t\r\n\t<\/div>\r\n<\/li><li>\r\n\t<a href=\"https:\/\/mudr-nosek-sro.cz\/wordpress\/?p=69\">Ch\u0159ipka a o\u010dkov\u00e1n\u00ed<\/a> - 10. 10. 2013<br \/>\r\n\t<div>\r\n\t\t<a href=\"https:\/\/mudr-nosek-sro.cz\/wordpress\/?p=69\" style=\"float:left;margin-right: 1em\">\r\n\t\t\t<img decoding=\"async\" src=\"https:\/\/mudr-nosek-sro.cz\/wordpress\/wp-content\/uploads\/2013\/10\/ch\u0159ipka-150x150.jpg\" title=\"Ch\u0159ipka a o\u010dkov\u00e1n\u00ed\" width=\"150px\" \/>\r\n\t\t<\/a>\r\n\t\tCh\u0159ipka je z\u00e1va\u017en\u00e9 a nebezpe\u010dn\u00e9 onemocn\u011bn\u00ed virov\u00e9ho p\u016fvodu postihuj\u00edc\u00ed p\u0159ev\u00e1\u017en\u011b d\u00fdchac\u00ed cesty, kter\u00e9 se\u00a0ka\u017edoro\u010dn\u011b pod\u00edl\u00ed na \u00famrt\u00ed a\u017e dvou tis\u00edc lid\u00ed, co\u017e p\u0159edstavuje p\u0159ibli\u017en\u011b 2% v\u0161ech \u00famrt\u00ed.\r\n\r\nLidov\u011b se \"ch\u0159ipka\"\u00a0\u0159\u00edk\u00e1 v\u011bt\u0161in\u011b virov\u00fdch onemocn\u011bn\u00ed\u00a0v podzimn\u00edch a jarn\u00edch m\u011bs\u00edc\u00edch, kter\u00e9 ov\u0161em\u00a0ve skute\u010dnosti ch\u0159ipkou nejsou. Pro pravou ch\u0159ipku je charakteristick\u00fdrychl\u00fd\u00a0n\u00e1stup (18-24h) n\u00e1sleduj\u00edc\u00edch p\u0159\u00edznak\u016f:\u00a0hore\u010dka a\u00a0zimnice,\u00a0bolesti\u00a0hlavy,\u00a0 kloub\u016f a sval\u016f, p\u00e1len\u00ed o\u010d\u00ed, ka\u0161el, \u00fanava\t\r\n\t<\/div>\r\n<\/li><li>\r\n\t<a href=\"https:\/\/mudr-nosek-sro.cz\/wordpress\/?p=801\">Nemohu se dovolat... Co m\u00e1m d\u011blat?<\/a> - 06. 05. 2022<br \/>\r\n\t<div>\r\n\t\t<a href=\"https:\/\/mudr-nosek-sro.cz\/wordpress\/?p=801\" style=\"float:left;margin-right: 1em\">\r\n\t\t\t<img decoding=\"async\" src=\"https:\/\/mudr-nosek-sro.cz\/wordpress\/wp-content\/uploads\/2015\/03\/Phone-150x150.png\" title=\"Nemohu se dovolat... Co m\u00e1m d\u011blat?\" width=\"150px\" \/>\r\n\t\t<\/a>\r\n\t\tVzhledem k p\u0159etrv\u00e1vaj\u00edc\u00edmu nadm\u011brn\u00e9mu telefonick\u00e9mu zat\u00ed\u017een\u00ed ordinace jsme pro pacienty zprovoznili nov\u00fd u\u017eivatelsky p\u0159\u00edjemn\u011bj\u0161\u00ed elektronick\u00fd kontaktn\u00ed syst\u00e9m, p\u0159es kter\u00fd je mo\u017en\u00e9 \u0159e\u0161it neakutn\u00ed po\u017eadavky - Sestra Emmy\r\n\r\n\r\n\r\nSna\u017e\u00edme se na V\u00e1\u0161 po\u017eadavek zadan\u00fd do syst\u00e9mu reagovat do 3 pracovn\u00edch dn\u016f.\r\n\r\nSyst\u00e9m spr\u00e1vy po\u017eadavk\u016f pacient\u016f je rovn\u011b\u017e dostupn\u00fd p\u0159es menu na str\u00e1nk\u00e1ch pod polo\u017ekou odeslat zpr\u00e1vu...\r\n\r\n\r\n\r\nP\u0159i akutn\u00edch pot\u00ed\u017e\u00edch je t\u0159eba volat na telefonn\u00ed \u010d\u00edslo ordinace opakovan\u011b v cca\t\r\n\t<\/div>\r\n<\/li><li>\r\n\t<a href=\"https:\/\/mudr-nosek-sro.cz\/wordpress\/?p=57\">Pracovn\u00ed a jin\u00e9 posudkov\u00e9 prohl\u00eddky po 11\/2017<\/a> - 19. 11. 2017<br \/>\r\n\t<div>\r\n\t\t<a href=\"https:\/\/mudr-nosek-sro.cz\/wordpress\/?p=57\" style=\"float:left;margin-right: 1em\">\r\n\t\t\t<img decoding=\"async\" src=\"https:\/\/mudr-nosek-sro.cz\/wordpress\/wp-content\/uploads\/2014\/01\/pls1.jpg\" title=\"Pracovn\u00ed a jin\u00e9 posudkov\u00e9 prohl\u00eddky po 11\/2017\" width=\"150px\" \/>\r\n\t\t<\/a>\r\n\t\tV tomto \u010dl\u00e1nku se V\u00e1m pokus\u00edme jednodu\u0161e v bodech p\u0159ibl\u00ed\u017eit sou\u010dasnou problematiku prov\u00e1d\u011bn\u00ed pracovn\u011b l\u00e9ka\u0159sk\u00fdch a dal\u0161\u00edch prohl\u00eddek s posudkov\u00fdm z\u00e1v\u011brem.\r\nProblematiku pracovn\u00edch prohl\u00eddek a zdravotn\u00edch posudk\u016f upravuj\u00ed p\u0159edev\u0161\u00edm n\u00e1sleduj\u00edc\u00ed pr\u00e1vn\u00ed normy:\r\n\r\n\r\n \tZ\u00e1kon o zdravotn\u00edch slu\u017eb\u00e1ch \u010d. 372\/2011 Sb\r\n \tZ\u00e1kon o specifick\u00fdch zdravotn\u00edch slu\u017eb\u00e1ch \u010d. 373\/2011 Sb\r\n \tVyhl\u00e1\u0161ka \u010d. 79\/2013 Sb - prov\u00e1d\u011bc\u00ed vyhl\u00e1\u0161ka k z\u00e1konu 373\/2011\r\n \tZ\u00e1kon o ochran\u011b ve\u0159ejn\u00e9ho zdrav\u00ed \u010d. 258\/2000 Sb\r\n\r\nCo tedy\t\r\n\t<\/div>\r\n<\/li><li>\r\n\t<a href=\"https:\/\/mudr-nosek-sro.cz\/wordpress\/?p=212\">P\u0159\u00edstrojov\u00e1 a laboratron\u00ed vy\u0161et\u0159en\u00ed dostupn\u00e1 p\u0159\u00edmo v na\u0161\u00ed ordinaci<\/a> - 16. 07. 2014<br \/>\r\n\t<div>\r\n\t\t<a href=\"https:\/\/mudr-nosek-sro.cz\/wordpress\/?p=212\" style=\"float:left;margin-right: 1em\">\r\n\t\t\t<img decoding=\"async\" src=\"https:\/\/mudr-nosek-sro.cz\/wordpress\/wp-content\/uploads\/2014\/01\/vysetrovaci_metody3-150x150.jpg\" title=\"P\u0159\u00edstrojov\u00e1 a laboratron\u00ed vy\u0161et\u0159en\u00ed dostupn\u00e1 p\u0159\u00edmo v na\u0161\u00ed ordinaci\" width=\"150px\" \/>\r\n\t\t<\/a>\r\n\t\tCRP - POCT\r\n\r\n\r\nJe laboratorn\u00ed vy\u0161et\u0159en\u00ed z kapil\u00e1rn\u00ed krve z\u00edskan\u00e9 vpichem do prstu. Vyhodnocen\u00ed testu je prov\u00e1d\u011bno p\u0159\u00edstrojem v ordinaci ihned po odb\u011bru.\r\n\r\nC-reaktivn\u00ed protein (CRP) je protein akutn\u00ed f\u00e1ze, jeho\u017e hladina stoup\u00e1 p\u0159i prob\u00edhaj\u00edc\u00edm z\u00e1n\u011btu.\u00a0M\u011b\u0159en\u00ed koncentrace CRP pom\u00e1h\u00e1 p\u0159i rozli\u0161en\u00ed bakteri\u00e1ln\u00ed a virov\u00e9 infekce. B\u011b\u017en\u00e1 koncentrace v s\u00e9ru zdrav\u00fdch jedinc\u016f je n\u00edzk\u00e1 (0 \u2013 7 mg\/l), p\u0159i\t\r\n\t<\/div>\r\n<\/li><\/ul>\n","protected":false},"excerpt":{"rendered":"","protected":false},"author":1,"featured_media":0,"parent":0,"menu_order":0,"comment_status":"closed","ping_status":"closed","template":"","meta":{"_crdt_document":"","footnotes":""},"class_list":["post-73","page","type-page","status-publish","hentry","has-post-thumbnail"],"_links":{"self":[{"href":"https:\/\/mudr-nosek-sro.cz\/wordpress\/index.php?rest_route=\/wp\/v2\/pages\/73","targetHints":{"allow":["GET"]}}],"collection":[{"href":"https:\/\/mudr-nosek-sro.cz\/wordpress\/index.php?rest_route=\/wp\/v2\/pages"}],"about":[{"href":"https:\/\/mudr-nosek-sro.cz\/wordpress\/index.php?rest_route=\/wp\/v2\/types\/page"}],"author":[{"embeddable":true,"href":"https:\/\/mudr-nosek-sro.cz\/wordpress\/index.php?rest_route=\/wp\/v2\/users\/1"}],"replies":[{"embeddable":true,"href":"https:\/\/mudr-nosek-sro.cz\/wordpress\/index.php?rest_route=%2Fwp%2Fv2%2Fcomments&post=73"}],"version-history":[{"count":10,"href":"https:\/\/mudr-nosek-sro.cz\/wordpress\/index.php?rest_route=\/wp\/v2\/pages\/73\/revisions"}],"predecessor-version":[{"id":86,"href":"https:\/\/mudr-nosek-sro.cz\/wordpress\/index.php?rest_route=\/wp\/v2\/pages\/73\/revisions\/86"}],"wp:attachment":[{"href":"https:\/\/mudr-nosek-sro.cz\/wordpress\/index.php?rest_route=%2Fwp%2Fv2%2Fmedia&parent=73"}],"curies":[{"name":"wp","href":"https:\/\/api.w.org\/{rel}","templated":true}]}}