{"id":744,"date":"2020-06-23T11:53:34","date_gmt":"2020-06-23T10:53:34","guid":{"rendered":"http:\/\/mudr-nosek-sro.cz\/wordpress\/?page_id=744"},"modified":"2023-03-01T10:01:26","modified_gmt":"2023-03-01T09:01:26","slug":"pls","status":"publish","type":"page","link":"https:\/\/mudr-nosek-sro.cz\/wordpress\/?page_id=744","title":{"rendered":"Pracovn\u011b l\u00e9ka\u0159sk\u00e9 slu\u017eby, posudky"},"content":{"rendered":"<p dir=\"ltr\">Problematiku pracovn\u00edch prohl\u00eddek a zdravotn\u00edch posudk\u016f upravuj\u00ed p\u0159edev\u0161\u00edm n\u00e1sleduj\u00edc\u00ed pr\u00e1vn\u00ed normy:<\/p>\n<ul>\n<li dir=\"ltr\">Z\u00e1kon o zdravotn\u00edch slu\u017eb\u00e1ch \u010d. 372\/2011 Sb<\/li>\n<li dir=\"ltr\">Z\u00e1kon o specifick\u00fdch zdravotn\u00edch slu\u017eb\u00e1ch \u010d. 373\/2011 Sb<\/li>\n<li dir=\"ltr\">Vyhl\u00e1\u0161ka \u010d. 79\/2013 Sb &#8211; prov\u00e1d\u011bc\u00ed vyhl\u00e1\u0161ka k z\u00e1konu 373\/2011<\/li>\n<li dir=\"ltr\">Z\u00e1kon o ochran\u011b ve\u0159ejn\u00e9ho zdrav\u00ed \u010d. 258\/2000 Sb<\/li>\n<\/ul>\n<p><strong>Co tedy registruj\u00edc\u00ed praktick\u00fd l\u00e9ka\u0159 m\u016f\u017ee a co ne? Co je dobr\u00e9 v\u011bd\u011bt ohledn\u011b prohl\u00eddek s posudkov\u00fdm z\u00e1v\u011brem?<\/strong><\/p>\n<ul>\n<li dir=\"ltr\"><strong>Registruj\u00edc\u00ed praktick\u00fd l\u00e9ka\u0159<\/strong> m\u016f\u017ee posuzovat pouze pracovn\u00ed pozice za\u0159azen\u00e9 do <strong>rizika 1<\/strong> hodnocen\u00ed zdravotn\u00edch rizik z pr\u00e1ce. Pr\u00e1ce kategorizovan\u00e9 do <strong>rizika 2 a v\u00edce<\/strong> mus\u00ed posuzovat <strong>smluvn\u00ed l\u00e9ka\u0159 pracovn\u011b l\u00e9ka\u0159sk\u00fdch slu\u017eeb<\/strong> zam\u011bstnavatele.<\/li>\n<li><strong>Nov\u011b<\/strong> od 11\/2017 <strong><span style=\"text-decoration: underline;\">nem\u016f\u017ee<\/span> registruj\u00edc\u00ed praktick\u00fd l\u00e9ka\u0159<\/strong> posuzovat pr\u00e1ce jejich\u017e sou\u010d\u00e1st\u00ed jsou <strong>profesn\u00ed<\/strong> <strong>rizika <\/strong>dle p\u0159\u00edlohy \u010d. 2 vyhl\u00e1\u0161ky \u010d. 79\/2013 Sb (bod \u0159\u00edmsk\u00e1 II). Tyto posudky spadaj\u00ed op\u011bt v\u00fdlu\u010dn\u011b do kompetence smluvn\u00edho l\u00e9ka\u0159e pracovn\u011b l\u00e9ka\u0159sk\u00fdch slu\u017eeb zam\u011bstnavatele. V praxi jde tedy nap\u0159\u00edklad o:\n<ul>\n<li dir=\"ltr\"><em>pr\u00e1ce v soci\u00e1ln\u00edch slu\u017eb\u00e1ch, ve zdravotnictv\u00ed<\/em><\/li>\n<li dir=\"ltr\"><em>obsluhu a \u0159\u00edzen\u00ed motorov\u00fdch a elektrick\u00fdch voz\u00edk\u016f, vysokozdvi\u017en\u00fdch voz\u00edk\u016f, \u0159idi\u010di referenti (\u0159\u00edzen\u00ed vozidel v pr\u00e1ci, kdy jde o dopl\u0148kovou a ob\u010dasnou \u010dinnost),<\/em><\/li>\n<li dir=\"ltr\"><em>pr\u00e1ce ve v\u00fd\u0161k\u00e1ch (v\u00edce ne\u017e 10 metr\u016f, kdy je nutn\u00e9 u\u017e\u00edt OOP proti p\u00e1du), no\u010dn\u00ed pr\u00e1ce,<\/em><\/li>\n<li dir=\"ltr\"><em>no\u010dn\u00ed pr\u00e1ce<\/em><\/li>\n<li dir=\"ltr\"><em>a dal\u0161\u00ed dle zm\u00edn\u011bn\u00e9 legislativn\u00ed normy.<\/em><\/li>\n<\/ul>\n<\/li>\n<li dir=\"ltr\">V p\u0159\u00edpad\u011b pot\u0159eby <strong>jin\u00e9 zdravotn\u00ed prohl\u00eddky s vystaven\u00edm posudkov\u00e9ho z\u00e1v\u011bru <\/strong>(posudky nutn\u00e9 k odborn\u00fdm profesn\u00edm \u010dinnostem a zkou\u0161k\u00e1m, posudky nutn\u00e9 k z\u00e1jmov\u00e9 \u010dinnosti)\u00a0je t\u0159eba <strong>zn\u00e1t platnou normu, dle kter\u00e9 m\u00e1 b\u00fdt prohl\u00eddka provedena<\/strong>, jeliko\u017e se tato informace uv\u00e1d\u00ed jako sou\u010d\u00e1st vystavovan\u00e9ho zdravotn\u00edho posudku.<\/li>\n<li dir=\"ltr\">D\u00e1le\u00a0\u00a0<strong>nelze zap\u016fj\u010dovat l\u00e9ka\u0159skou dokumentaci<\/strong> &#8211; kartu. Lze v\u0161ak <strong>po\u017e\u00e1dat o vypracov\u00e1n\u00ed v\u00fdpisu<\/strong> z dokumentace \u010di jej\u00ed kopie. Z\u00e1konn\u00e1 <strong>lh\u016fta<\/strong> je <strong>10 dn\u016f<\/strong> v p\u0159\u00edpad\u011b v\u00fdpisu, kter\u00fd slou\u017e\u00ed jako podklad pro proveden\u00ed prohl\u00eddky pracovn\u011b l\u00e9ka\u0159sk\u00e9 p\u00e9\u010de a\u00a0<strong>30 dn\u016f<\/strong>\u00a0pro jin\u00e9 typy v\u00fdpis\u016f.<\/li>\n<li dir=\"ltr\"><strong>Platnost v\u00fdpisu z dokumentace je 90 dn\u016f<\/strong>.<\/li>\n<li dir=\"ltr\"><strong>\u00dahrada<\/strong> za ve\u0161ker\u00e9 pracovn\u011b l\u00e9ka\u0159sk\u00e9 slu\u017eby byla komplexn\u011b <strong>vy\u0148ata ze zdravotn\u00edho poji\u0161t\u011bn\u00ed<\/strong>. Ve\u0161ker\u00e1 vy\u0161et\u0159en\u00ed a administrativn\u00ed \u00fakony jsou zpoplatn\u011bny.<\/li>\n<\/ul>\n<h2>Pot\u0159ebuji prohl\u00eddku pro zam\u011bstnavatele, co m\u00e1m ud\u011blat?<\/h2>\n<table>\n<tbody>\n<tr>\n<td style=\"width: 110px;\"><a href=\"https:\/\/mudr-nosek-sro.cz\/wordpress\/wp-content\/uploads\/2023\/03\/zadost-o-prohlidku-PLS-2023-1A4.pdf\" target=\"_blank\" rel=\"noopener noreferrer\"><img loading=\"lazy\" decoding=\"async\" class=\"alignnone\" src=\"https:\/\/mudr-nosek-sro.cz\/wordpress\/wp-content\/uploads\/2014\/01\/pdfdoc.png\" alt=\"\u017d\u00e1dost a smlouva k proveden\u00ed prohl\u00eddky k prohl\u00eddk\u00e1m pracovn\u011bl\u00e9ka\u0159sk\u00e9 p\u00e9\u010de kategorie I., II. s profesn\u00edm rizikem\" width=\"100\" height=\"100\" \/><\/a><\/td>\n<td style=\"vertical-align: top;\">\u017d\u00e1dost k proveden\u00ed prohl\u00eddky pracovn\u011b l\u00e9ka\u0159sk\u00e9 p\u00e9\u010de &#8211; kategorie I. bez profesn\u00edch rizik<\/td>\n<\/tr>\n<tr>\n<td style=\"width: 110px;\"><a href=\"https:\/\/mudr-nosek-sro.cz\/wordpress\/wp-content\/uploads\/2023\/03\/UNI-Zadost-a-smlouva-o-prohlidku-pracovne-lekarske-pece-v2023.pdf\" target=\"_blank\" rel=\"noopener noreferrer\"><img loading=\"lazy\" decoding=\"async\" class=\"alignnone\" src=\"https:\/\/mudr-nosek-sro.cz\/wordpress\/wp-content\/uploads\/2014\/01\/pdfdoc.png\" alt=\"\u017d\u00e1dost a smlouva k proveden\u00ed prohl\u00eddky k prohl\u00eddk\u00e1m pracovn\u011bl\u00e9ka\u0159sk\u00e9 p\u00e9\u010de kategorie I., II. s profesn\u00edm rizikem\" width=\"100\" height=\"100\" \/><\/a><\/td>\n<td style=\"vertical-align: top;\">\u017d\u00e1dost a smlouva k proveden\u00ed prohl\u00eddky pracovn\u011bl\u00e9ka\u0159sk\u00fdch slu\u017eeb kategorie I. a II. s\u00a0 profesn\u00edm rizikem<\/td>\n<\/tr>\n<\/tbody>\n<\/table>\n<ol>\n<li dir=\"ltr\">Zjist\u00edm kategorii rizika m\u00e9ho pracovn\u00edho za\u0159azen\u00ed (dle z. \u010d. 258\/2000) a dal\u0161\u00ed mo\u017en\u00e1 rizika ohro\u017een\u00ed zdrav\u00ed (dle p\u0159\u00edlohy \u010d. 2 vyhl\u00e1\u0161ky \u010d.\u00a0 79\/2013 Sb -bod \u0159\u00edmsk\u00e1 II) &#8211; m\u011bl by v\u011bd\u011bt zam\u011bstnavatel! V\u011bt\u0161inou je s problematikou obezn\u00e1men personalista \u010di pracovn\u00edk BOZP, ev. pravidla pro kategorizaci prac\u00ed jsou na <a href=\"http:\/\/www.szu.cz\/tema\/pracovni-prostredi\/kategorizace-praci\" target=\"_blank\" rel=\"noopener noreferrer\">str\u00e1nk\u00e1ch SZ\u00da<\/a>.<\/li>\n<li dir=\"ltr\">Zajist\u00edm si pot\u0159ebn\u00fd tiskopis se \u017e\u00e1dost\u00ed o prohl\u00eddku a zkontroluji jeho spr\u00e1vn\u00e9 vypln\u011bn\u00ed:\n<ol>\n<li dir=\"ltr\">Kompletn\u00ed adresa a I\u010c zam\u011bstnavatele<\/li>\n<li dir=\"ltr\">Typ prohl\u00eddky: vstupn\u00ed, v\u00fdstupn\u00ed, periodick\u00e1, mimo\u0159\u00e1dn\u00e1, n\u00e1sledn\u00e1<\/li>\n<li dir=\"ltr\">Popis druhu vykon\u00e1van\u00e9 pr\u00e1ce, sm\u011bnnosti, rizikov\u00fdch faktor\u016f (v p\u0159\u00edpad\u011b kategorie rizika 1 nejsou \u017e\u00e1dn\u00e9), celkov\u00e9 kategorie rizika<\/li>\n<li dir=\"ltr\">Zam\u011bstnavatelem podepsan\u00e9 zmocn\u011bn\u00ed pracovn\u00edka p\u0159evz\u00edt posudek.<\/li>\n<li dir=\"ltr\">\u0160ablona formul\u00e1\u0159e k \u017e\u00e1dosti o prohl\u00eddku pracovn\u011b l\u00e9ka\u0159sk\u00e9 p\u00e9\u010de je <a href=\"https:\/\/mudr-nosek-sro.cz\/wordpress\/wp-content\/uploads\/2023\/03\/zadost-o-prohlidku-PLS-2023-1A4.pdf\">zde<\/a>.<\/li>\n<\/ol>\n<\/li>\n<li dir=\"ltr\">Objedn\u00e1m se k prohl\u00eddce.<\/li>\n<li dir=\"ltr\">Pokud je kategorie vy\u0161\u0161\u00ed ne\u017e 1, \u010di je u dan\u00e9ho pracovn\u00edho za\u0159azen\u00ed p\u0159\u00edtomno profesn\u00ed riziko, je t\u0159eba <span style=\"text-decoration: underline;\">prim\u00e1rn\u011b<\/span> kontaktovat smluvn\u00edho l\u00e9ka\u0159e pracovn\u011b l\u00e9ka\u0159sk\u00fdch slu\u017eeb zam\u011bstnavatele a v na\u0161\u00ed ordinaci objednat v\u00fdpis ze sv\u00e9 zdravotn\u00ed dokumentace pro l\u00e9ka\u0159e PLS.<\/li>\n<li dir=\"ltr\">Pokud zam\u011bstnavatel nem\u00e1 smluvn\u00edho l\u00e9ka\u0159e, je mo\u017eno vyu\u017e\u00edt jednor\u00e1zovou <a href=\"https:\/\/mudr-nosek-sro.cz\/wordpress\/wp-content\/uploads\/2023\/03\/UNI-Zadost-a-smlouva-o-prohlidku-pracovne-lekarske-pece-v2023.pdf\">smlouvu a \u017e\u00e1dost o prohl\u00eddku PLS<\/a> pro p\u0159\u00edpad profesn\u00edch rizik a pr\u00e1ce kategorie I a II po dohod\u011b se sestrou. Smlouva mus\u00ed b\u00fdt korektn\u011b vypln\u011bna a doru\u010dena ve dvou kopi\u00edch.<\/li>\n<\/ol>\n<h2>Jsem zam\u011bstnavatel, pot\u0159ebuji prohl\u00eddky pro zam\u011bstnance, co m\u00e1m ud\u011blat?<\/h2>\n<ul>\n<li style=\"list-style-type: none;\">\n<ul>\n<li>V sou\u010dasnosti vzhledem k na\u0161im kapacitn\u00edm mo\u017enostem (6\/2020) jsme schopni poskytovat pracovn\u011bl\u00e9ka\u0159skou p\u00e9\u010di<strong> pouze u na\u0161ich registrovan\u00fdch pacient\u016f<\/strong> pro pracovn\u00ed pozice v <strong>kategorii I, II<\/strong> (dle z. 258\/2000 Sb.) s mo\u017en\u00fdm <strong>rizikem ohro\u017een\u00ed zdrav\u00ed<\/strong> (ve smyslu vyhl. 79\/2013 Sb.)<\/li>\n<li>Pro tyto prohl\u00eddky je nutn\u00e9 m\u00edt v souladu s platnou legislativou podepsanou s na\u0161\u00edm za\u0159\u00edzen\u00edm <strong>smlouvu o prov\u00e1d\u011bn\u00ed prohl\u00eddek pracovn\u011bl\u00e9ka\u0159sk\u00fdch slu\u017eeb<\/strong><\/li>\n<li>Pro administrativn\u00ed zjednodu\u0161en\u00ed jsme po dohod\u011b s pr\u00e1vn\u00edm odd\u011blen\u00edm SPL vyhotovili <strong>\u017d\u00e1dost a smlouvu o prohl\u00eddku PLS<\/strong>, se kterou je mo\u017eno zaslat zam\u011bstnance k domluven\u00ed term\u00ednu prohl\u00eddky. <strong>Term\u00edn prohl\u00eddky je mo\u017eno rezervovat pouze pokud je dokument korektn\u011b vypln\u011bn a doru\u010den ve 2 kopi\u00edch!<\/strong><\/li>\n<\/ul>\n<\/li>\n<\/ul>\n<table>\n<tbody>\n<tr>\n<td style=\"width: 110px;\"><a href=\"https:\/\/mudr-nosek-sro.cz\/wordpress\/wp-content\/uploads\/2023\/03\/UNI-Zadost-a-smlouva-o-prohlidku-pracovne-lekarske-pece-v2023.pdf\" target=\"_blank\" rel=\"noopener noreferrer\"><img loading=\"lazy\" decoding=\"async\" class=\"alignnone\" src=\"https:\/\/mudr-nosek-sro.cz\/wordpress\/wp-content\/uploads\/2014\/01\/pdfdoc.png\" alt=\"\u017d\u00e1dost a smlouva k proveden\u00ed prohl\u00eddky k prohl\u00eddk\u00e1m pracovn\u011bl\u00e9ka\u0159sk\u00e9 p\u00e9\u010de kategorie I., II. s profesn\u00edm rizikem\" width=\"100\" height=\"100\" \/><\/a><\/td>\n<td style=\"vertical-align: top;\">\u017d\u00e1dost a smlouva k proveden\u00ed prohl\u00eddky pracovn\u011bl\u00e9ka\u0159sk\u00fdch slu\u017eeb kategorie I. a II. s\u00a0 profesn\u00edm rizikem<\/td>\n<\/tr>\n<\/tbody>\n<\/table>\n<p>aktualizace 1.3.2023<\/p>\n","protected":false},"excerpt":{"rendered":"<p>Problematiku pracovn\u00edch prohl\u00eddek a zdravotn\u00edch posudk\u016f upravuj\u00ed p\u0159edev\u0161\u00edm n\u00e1sleduj\u00edc\u00ed pr\u00e1vn\u00ed normy: Z\u00e1kon o zdravotn\u00edch slu\u017eb\u00e1ch \u010d. 372\/2011 Sb Z\u00e1kon o specifick\u00fdch zdravotn\u00edch slu\u017eb\u00e1ch \u010d. 373\/2011 Sb Vyhl\u00e1\u0161ka \u010d. 79\/2013 Sb &#8211; prov\u00e1d\u011bc\u00ed vyhl\u00e1\u0161ka k z\u00e1konu 373\/2011 Z\u00e1kon o ochran\u011b ve\u0159ejn\u00e9ho zdrav\u00ed \u010d. 258\/2000 Sb Co tedy registruj\u00edc\u00ed praktick\u00fd l\u00e9ka\u0159 m\u016f\u017ee a co ne? Co je &hellip; <a href=\"https:\/\/mudr-nosek-sro.cz\/wordpress\/?page_id=744\" class=\"more-link\">Pokra\u010dov\u00e1n\u00ed textu <span class=\"screen-reader-text\">Pracovn\u011b l\u00e9ka\u0159sk\u00e9 slu\u017eby, posudky<\/span> <span class=\"meta-nav\">&rarr;<\/span><\/a><\/p>\n","protected":false},"author":1,"featured_media":0,"parent":0,"menu_order":0,"comment_status":"closed","ping_status":"closed","template":"","meta":{"_crdt_document":"","footnotes":""},"class_list":["post-744","page","type-page","status-publish","hentry"],"_links":{"self":[{"href":"https:\/\/mudr-nosek-sro.cz\/wordpress\/index.php?rest_route=\/wp\/v2\/pages\/744","targetHints":{"allow":["GET"]}}],"collection":[{"href":"https:\/\/mudr-nosek-sro.cz\/wordpress\/index.php?rest_route=\/wp\/v2\/pages"}],"about":[{"href":"https:\/\/mudr-nosek-sro.cz\/wordpress\/index.php?rest_route=\/wp\/v2\/types\/page"}],"author":[{"embeddable":true,"href":"https:\/\/mudr-nosek-sro.cz\/wordpress\/index.php?rest_route=\/wp\/v2\/users\/1"}],"replies":[{"embeddable":true,"href":"https:\/\/mudr-nosek-sro.cz\/wordpress\/index.php?rest_route=%2Fwp%2Fv2%2Fcomments&post=744"}],"version-history":[{"count":27,"href":"https:\/\/mudr-nosek-sro.cz\/wordpress\/index.php?rest_route=\/wp\/v2\/pages\/744\/revisions"}],"predecessor-version":[{"id":1130,"href":"https:\/\/mudr-nosek-sro.cz\/wordpress\/index.php?rest_route=\/wp\/v2\/pages\/744\/revisions\/1130"}],"wp:attachment":[{"href":"https:\/\/mudr-nosek-sro.cz\/wordpress\/index.php?rest_route=%2Fwp%2Fv2%2Fmedia&parent=744"}],"curies":[{"name":"wp","href":"https:\/\/api.w.org\/{rel}","templated":true}]}}