{"id":91,"date":"2014-01-18T15:35:59","date_gmt":"2014-01-18T14:35:59","guid":{"rendered":"http:\/\/mudr-nosek-sro.cz\/wordpress\/?page_id=91"},"modified":"2014-01-18T15:38:59","modified_gmt":"2014-01-18T14:38:59","slug":"aktuality","status":"publish","type":"page","link":"https:\/\/mudr-nosek-sro.cz\/wordpress\/?page_id=91","title":{"rendered":"Aktuality"},"content":{"rendered":"<ul><li>\r\n<a href=\"https:\/\/mudr-nosek-sro.cz\/wordpress\/?p=801\">Nemohu se dovolat... Co m\u00e1m d\u011blat?<\/a> - 06. 05. 2022<br \/>\r\n<div>\r\n\t<a href=\"https:\/\/mudr-nosek-sro.cz\/wordpress\/?p=801\" style=\"float:left;margin-right: 1em\">\r\n\t\t<img decoding=\"async\" src=\"https:\/\/mudr-nosek-sro.cz\/wordpress\/wp-content\/uploads\/2015\/03\/Phone-150x150.png\" title=\"Nemohu se dovolat... Co m\u00e1m d\u011blat?\" width=\"150\" \/>\r\n\t<\/a>Vzhledem k p\u0159etrv\u00e1vaj\u00edc\u00edmu nadm\u011brn\u00e9mu telefonick\u00e9mu zat\u00ed\u017een\u00ed ordinace jsme pro pacienty zprovoznili nov\u00fd u\u017eivatelsky p\u0159\u00edjemn\u011bj\u0161\u00ed elektronick\u00fd kontaktn\u00ed syst\u00e9m, p\u0159es kter\u00fd je mo\u017en\u00e9 \u0159e\u0161it neakutn\u00ed po\u017eadavky - Sestra Emmy\r\n\r\n\r\n\r\nSna\u017e\u00edme se na V\u00e1\u0161 po\u017eadavek zadan\u00fd do syst\u00e9mu reagovat do 3 pracovn\u00edch dn\u016f.\r\n\r\nSyst\u00e9m spr\u00e1vy po\u017eadavk\u016f pacient\u016f je rovn\u011b\u017e dostupn\u00fd p\u0159es menu na str\u00e1nk\u00e1ch pod polo\u017ekou odeslat zpr\u00e1vu...\r\n\r\n\r\n\r\nP\u0159i akutn\u00edch pot\u00ed\u017e\u00edch je t\u0159eba volat na telefonn\u00ed \u010d\u00edslo ordinace opakovan\u011b v cca\r\n<\/div>\r\n<\/li><li>\r\n<a href=\"https:\/\/mudr-nosek-sro.cz\/wordpress\/?p=846\">M\u00e1m Covid, co te\u010f?<\/a> - 13. 03. 2020<br \/>\r\n<div>\r\n\t<a href=\"https:\/\/mudr-nosek-sro.cz\/wordpress\/?p=846\" style=\"float:left;margin-right: 1em\">\r\n\t\t<img decoding=\"async\" src=\"https:\/\/mudr-nosek-sro.cz\/wordpress\/wp-content\/uploads\/2020\/03\/coronavirus-150x150.jpg\" title=\"M\u00e1m Covid, co te\u010f?\" width=\"150\" \/>\r\n\t<\/a>Covid je vir\u00f3za a lze k n\u011bmu p\u0159istupovat podobn\u011b jako k jin\u00fdm vir\u00f3z\u00e1m. Jak\u00e1 je tedy vhodn\u00e1 Samol\u00e9\u010dba dostupn\u00e1 i bez l\u00e9ka\u0159sk\u00e9ho\u00a0p\u0159edpisu  v l\u00e9k\u00e1rn\u011b?:\r\n\r\n \tna hore\u010dku Paralen 500mg (1000 mg funguje na bolest), ev. Ibalgin 200 -400 mg (funguje rovn\u011b\u017e na bolest)\r\n \tp\u0159i bolestech v krku - Jox 3x denn\u011b, Strepfen po 6h, p\u0159\u00edpadn\u011b 3x denn\u011b Orofar\r\n \tna such\u00fd ka\u0161el Levopront 3x1 tabletu,\r\n \tp\u0159i zm\u011bn\u011b na produktivn\u00ed ka\u0161el (za\u010dne se odka\u0161l\u00e1vat)\u00a0 je vhodn\u00e9\u00a0 ACC, Mucosolvan a nejl\u00e9pe Erdomed 3x denn\u011b (voln\u011b\r\n<\/div>\r\n<\/li><li>\r\n<a href=\"https:\/\/mudr-nosek-sro.cz\/wordpress\/?p=306\">\u201eRaz\u00edtko\u201c, fale\u0161n\u00fd pocit jistoty<\/a> - 16. 07. 2015<br \/>\r\n<div>\r\n\t<a href=\"https:\/\/mudr-nosek-sro.cz\/wordpress\/?p=306\" style=\"float:left;margin-right: 1em\">\r\n\t\t<img decoding=\"async\" src=\"https:\/\/mudr-nosek-sro.cz\/wordpress\/wp-content\/uploads\/2014\/03\/Aktualita2-thubmnail-150x150.png\" title=\"\u201eRaz\u00edtko\u201c, fale\u0161n\u00fd pocit jistoty\" width=\"150\" \/>\r\n\t<\/a>MUDr. Tibor Vics\u00e1pi\r\nZ\u00e1humenn\u00ed 1477, Kop\u0159ivnice\r\ne-amil: info@vicsapi.cz, tel.: 595 172 444\r\nID datov\u00e9 schr\u00e1nky:\u00a0p93dvba\r\nJsem v\u0161eobecn\u00fdm praktick\u00fdm l\u00e9ka\u0159em. Z\u00e1rove\u0148 se v\u011bnuji pracovn\u011bl\u00e9ka\u0159sk\u00e9 a soudn\u011b-znaleck\u00e9 \u010dinnosti ve zdravotnictv\u00ed, a pracuji ji\u017e n\u011bkolik let i jako konzultant kancel\u00e1\u0159e ve\u0159ejn\u00e9ho ochr\u00e1nce pr\u00e1v. Sou\u010d\u00e1st\u00ed m\u00e9 pr\u00e1ce je i nezbytn\u00e1 znalost zdravotnick\u00e9ho pr\u00e1va.\r\nJeliko\u017e provozuji zdravotnick\u00e9 za\u0159\u00edzen\u00ed prim\u00e1rn\u00ed p\u00e9\u010de, nav\u0161t\u011bvuj\u00ed mne pacienti mimo jin\u00e9 velmi \u010dasto s po\u017eadavkem:\r\n<\/div>\r\n<\/li><\/ul>\n","protected":false},"excerpt":{"rendered":"","protected":false},"author":1,"featured_media":0,"parent":0,"menu_order":0,"comment_status":"closed","ping_status":"closed","template":"","meta":{"_crdt_document":"","footnotes":""},"class_list":["post-91","page","type-page","status-publish","hentry","has-post-thumbnail"],"_links":{"self":[{"href":"https:\/\/mudr-nosek-sro.cz\/wordpress\/index.php?rest_route=\/wp\/v2\/pages\/91","targetHints":{"allow":["GET"]}}],"collection":[{"href":"https:\/\/mudr-nosek-sro.cz\/wordpress\/index.php?rest_route=\/wp\/v2\/pages"}],"about":[{"href":"https:\/\/mudr-nosek-sro.cz\/wordpress\/index.php?rest_route=\/wp\/v2\/types\/page"}],"author":[{"embeddable":true,"href":"https:\/\/mudr-nosek-sro.cz\/wordpress\/index.php?rest_route=\/wp\/v2\/users\/1"}],"replies":[{"embeddable":true,"href":"https:\/\/mudr-nosek-sro.cz\/wordpress\/index.php?rest_route=%2Fwp%2Fv2%2Fcomments&post=91"}],"version-history":[{"count":2,"href":"https:\/\/mudr-nosek-sro.cz\/wordpress\/index.php?rest_route=\/wp\/v2\/pages\/91\/revisions"}],"predecessor-version":[{"id":93,"href":"https:\/\/mudr-nosek-sro.cz\/wordpress\/index.php?rest_route=\/wp\/v2\/pages\/91\/revisions\/93"}],"wp:attachment":[{"href":"https:\/\/mudr-nosek-sro.cz\/wordpress\/index.php?rest_route=%2Fwp%2Fv2%2Fmedia&parent=91"}],"curies":[{"name":"wp","href":"https:\/\/api.w.org\/{rel}","templated":true}]}}